{"id":1575,"date":"2019-01-28T11:35:17","date_gmt":"2019-01-28T10:35:17","guid":{"rendered":"https:\/\/www.infri.ch\/flash-info\/"},"modified":"2026-03-24T11:26:08","modified_gmt":"2026-03-24T10:26:08","slug":"flash-info","status":"publish","type":"page","link":"https:\/\/www.infri.ch\/de\/dokumente\/flash-info\/","title":{"rendered":"Flash-info"},"content":{"rendered":"","protected":false},"excerpt":{"rendered":"","protected":false},"author":1,"featured_media":0,"parent":2152,"menu_order":0,"comment_status":"closed","ping_status":"closed","template":"page-flash-info.php","meta":{"_acf_changed":false,"inline_featured_image":false,"_monsterinsights_skip_tracking":false,"_monsterinsights_sitenote_active":false,"_monsterinsights_sitenote_note":"","_monsterinsights_sitenote_category":0,"footnotes":""},"class_list":["post-1575","page","type-page","status-publish","hentry"],"acf":[],"yoast_head":"<!-- This site is optimized with the Yoast SEO plugin v27.4 - https:\/\/yoast.com\/product\/yoast-seo-wordpress\/ -->\n<title>Flash-info &#8211; infri<\/title>\n<meta name=\"robots\" content=\"index, follow, max-snippet:-1, max-image-preview:large, max-video-preview:-1\" \/>\n<link rel=\"canonical\" href=\"https:\/\/www.infri.ch\/de\/dokumente\/flash-info\/\" \/>\n<meta property=\"og:locale\" content=\"de_DE\" \/>\n<meta property=\"og:type\" content=\"article\" \/>\n<meta property=\"og:title\" content=\"Flash-info &#8211; infri\" \/>\n<meta property=\"og:url\" content=\"https:\/\/www.infri.ch\/de\/dokumente\/flash-info\/\" \/>\n<meta property=\"og:site_name\" content=\"infri\" \/>\n<meta property=\"article:modified_time\" content=\"2026-03-24T10:26:08+00:00\" \/>\n<meta name=\"twitter:card\" content=\"summary_large_image\" \/>\n<meta name=\"twitter:label1\" content=\"Gesch\u00e4tzte Lesezeit\" \/>\n\t<meta name=\"twitter:data1\" content=\"1\u00a0Minute\" \/>\n<script type=\"application\/ld+json\" class=\"yoast-schema-graph\">{\"@context\":\"https:\\\/\\\/schema.org\",\"@graph\":[{\"@type\":\"WebPage\",\"@id\":\"https:\\\/\\\/www.infri.ch\\\/de\\\/dokumente\\\/flash-info\\\/\",\"url\":\"https:\\\/\\\/www.infri.ch\\\/de\\\/dokumente\\\/flash-info\\\/\",\"name\":\"Flash-info &#8211; infri\",\"isPartOf\":{\"@id\":\"https:\\\/\\\/www.infri.ch\\\/de\\\/#website\"},\"datePublished\":\"2019-01-28T10:35:17+00:00\",\"dateModified\":\"2026-03-24T10:26:08+00:00\",\"breadcrumb\":{\"@id\":\"https:\\\/\\\/www.infri.ch\\\/de\\\/dokumente\\\/flash-info\\\/#breadcrumb\"},\"inLanguage\":\"de\",\"potentialAction\":[{\"@type\":\"ReadAction\",\"target\":[\"https:\\\/\\\/www.infri.ch\\\/de\\\/dokumente\\\/flash-info\\\/\"]}]},{\"@type\":\"BreadcrumbList\",\"@id\":\"https:\\\/\\\/www.infri.ch\\\/de\\\/dokumente\\\/flash-info\\\/#breadcrumb\",\"itemListElement\":[{\"@type\":\"ListItem\",\"position\":1,\"name\":\"Accueil\",\"item\":\"https:\\\/\\\/www.infri.ch\\\/de\\\/\"},{\"@type\":\"ListItem\",\"position\":2,\"name\":\"Dokumente\",\"item\":\"https:\\\/\\\/www.infri.ch\\\/de\\\/dokumente\\\/\"},{\"@type\":\"ListItem\",\"position\":3,\"name\":\"Flash-info\"}]},{\"@type\":\"WebSite\",\"@id\":\"https:\\\/\\\/www.infri.ch\\\/de\\\/#website\",\"url\":\"https:\\\/\\\/www.infri.ch\\\/de\\\/\",\"name\":\"infri\",\"description\":\"l&#039;association repr\u00e9sentant les institutions sp\u00e9cialis\u00e9es fribourgeoises\",\"potentialAction\":[{\"@type\":\"SearchAction\",\"target\":{\"@type\":\"EntryPoint\",\"urlTemplate\":\"https:\\\/\\\/www.infri.ch\\\/de\\\/?s={search_term_string}\"},\"query-input\":{\"@type\":\"PropertyValueSpecification\",\"valueRequired\":true,\"valueName\":\"search_term_string\"}}],\"inLanguage\":\"de\"}]}<\/script>\n<!-- \/ Yoast SEO plugin. -->","yoast_head_json":{"title":"Flash-info &#8211; infri","robots":{"index":"index","follow":"follow","max-snippet":"max-snippet:-1","max-image-preview":"max-image-preview:large","max-video-preview":"max-video-preview:-1"},"canonical":"https:\/\/www.infri.ch\/de\/dokumente\/flash-info\/","og_locale":"de_DE","og_type":"article","og_title":"Flash-info &#8211; infri","og_url":"https:\/\/www.infri.ch\/de\/dokumente\/flash-info\/","og_site_name":"infri","article_modified_time":"2026-03-24T10:26:08+00:00","twitter_card":"summary_large_image","twitter_misc":{"Gesch\u00e4tzte Lesezeit":"1\u00a0Minute"},"schema":{"@context":"https:\/\/schema.org","@graph":[{"@type":"WebPage","@id":"https:\/\/www.infri.ch\/de\/dokumente\/flash-info\/","url":"https:\/\/www.infri.ch\/de\/dokumente\/flash-info\/","name":"Flash-info &#8211; infri","isPartOf":{"@id":"https:\/\/www.infri.ch\/de\/#website"},"datePublished":"2019-01-28T10:35:17+00:00","dateModified":"2026-03-24T10:26:08+00:00","breadcrumb":{"@id":"https:\/\/www.infri.ch\/de\/dokumente\/flash-info\/#breadcrumb"},"inLanguage":"de","potentialAction":[{"@type":"ReadAction","target":["https:\/\/www.infri.ch\/de\/dokumente\/flash-info\/"]}]},{"@type":"BreadcrumbList","@id":"https:\/\/www.infri.ch\/de\/dokumente\/flash-info\/#breadcrumb","itemListElement":[{"@type":"ListItem","position":1,"name":"Accueil","item":"https:\/\/www.infri.ch\/de\/"},{"@type":"ListItem","position":2,"name":"Dokumente","item":"https:\/\/www.infri.ch\/de\/dokumente\/"},{"@type":"ListItem","position":3,"name":"Flash-info"}]},{"@type":"WebSite","@id":"https:\/\/www.infri.ch\/de\/#website","url":"https:\/\/www.infri.ch\/de\/","name":"infri","description":"l&#039;association repr\u00e9sentant les institutions sp\u00e9cialis\u00e9es fribourgeoises","potentialAction":[{"@type":"SearchAction","target":{"@type":"EntryPoint","urlTemplate":"https:\/\/www.infri.ch\/de\/?s={search_term_string}"},"query-input":{"@type":"PropertyValueSpecification","valueRequired":true,"valueName":"search_term_string"}}],"inLanguage":"de"}]}},"_links":{"self":[{"href":"https:\/\/www.infri.ch\/de\/wp-json\/wp\/v2\/pages\/1575","targetHints":{"allow":["GET"]}}],"collection":[{"href":"https:\/\/www.infri.ch\/de\/wp-json\/wp\/v2\/pages"}],"about":[{"href":"https:\/\/www.infri.ch\/de\/wp-json\/wp\/v2\/types\/page"}],"author":[{"embeddable":true,"href":"https:\/\/www.infri.ch\/de\/wp-json\/wp\/v2\/users\/1"}],"replies":[{"embeddable":true,"href":"https:\/\/www.infri.ch\/de\/wp-json\/wp\/v2\/comments?post=1575"}],"version-history":[{"count":3,"href":"https:\/\/www.infri.ch\/de\/wp-json\/wp\/v2\/pages\/1575\/revisions"}],"predecessor-version":[{"id":14888,"href":"https:\/\/www.infri.ch\/de\/wp-json\/wp\/v2\/pages\/1575\/revisions\/14888"}],"up":[{"embeddable":true,"href":"https:\/\/www.infri.ch\/de\/wp-json\/wp\/v2\/pages\/2152"}],"wp:attachment":[{"href":"https:\/\/www.infri.ch\/de\/wp-json\/wp\/v2\/media?parent=1575"}],"curies":[{"name":"wp","href":"https:\/\/api.w.org\/{rel}","templated":true}]}}